{"id":995,"date":"2022-11-13T20:55:43","date_gmt":"2022-11-13T20:55:43","guid":{"rendered":"https:\/\/rnsdiyaliz.com.tr\/web\/?page_id=995"},"modified":"2023-08-08T08:44:04","modified_gmt":"2023-08-08T08:44:04","slug":"doktorlarimiz-2","status":"publish","type":"page","link":"https:\/\/rnsdiyaliz.com.tr\/web\/doktorlarimiz-2\/","title":{"rendered":"DOKTORLARIMIZ"},"content":{"rendered":"<div id=\"pl-995\"  class=\"panel-layout\" ><div id=\"pg-995-0\"  class=\"panel-grid panel-no-style\" ><div id=\"pgc-995-0-0\"  class=\"panel-grid-cell panel-grid-cell-empty panel-grid-cell-mobile-last\" ><\/div><div id=\"pgc-995-0-1\"  class=\"panel-grid-cell panel-grid-cell-empty\" ><\/div><\/div><div id=\"pg-995-1\"  class=\"panel-grid panel-no-style\" ><div id=\"pgc-995-1-0\"  class=\"panel-grid-cell\" ><div class=\"panel-cell-style panel-cell-style-for-995-1-0\" ><div id=\"panel-995-1-0-0\" class=\"so-panel widget widget_sow-image panel-first-child panel-last-child\" data-index=\"0\" ><div\n\t\t\t\n\t\t\tclass=\"so-widget-sow-image so-widget-sow-image-default-6b88c04c1f9b-995\"\n\t\t\t\n\t\t>\n\n<div class=\"sow-image-container\">\n\t\t<img decoding=\"async\" src=\"https:\/\/rnsdiyaliz.com.tr\/web\/wp-content\/uploads\/2022\/11\/ozcan_kambur.jpg\" width=\"869\" height=\"580\" srcset=\"https:\/\/rnsdiyaliz.com.tr\/web\/wp-content\/uploads\/2022\/11\/ozcan_kambur.jpg 869w, https:\/\/rnsdiyaliz.com.tr\/web\/wp-content\/uploads\/2022\/11\/ozcan_kambur-300x200.jpg 300w, https:\/\/rnsdiyaliz.com.tr\/web\/wp-content\/uploads\/2022\/11\/ozcan_kambur-768x513.jpg 768w, https:\/\/rnsdiyaliz.com.tr\/web\/wp-content\/uploads\/2022\/11\/ozcan_kambur-272x182.jpg 272w, https:\/\/rnsdiyaliz.com.tr\/web\/wp-content\/uploads\/2022\/11\/ozcan_kambur-720x480.jpg 720w\" sizes=\"auto, (max-width: 869px) 100vw, 869px\" title=\"DR.\u00d6ZCAN KAMBUR\" alt=\"\" loading=\"lazy\" \t\tclass=\"so-widget-image\"\/>\n\t<\/div>\n\n<h3 class=\"widget-title\">DR.\u00d6ZCAN KAMBUR<\/h3><\/div><\/div><\/div><\/div><div id=\"pgc-995-1-1\"  class=\"panel-grid-cell\" ><div class=\"panel-cell-style panel-cell-style-for-995-1-1\" ><div id=\"panel-995-1-1-0\" class=\"so-panel widget widget_siteorigin-panels-builder panel-first-child panel-last-child\" data-index=\"1\" ><div id=\"pl-w63736980f3557\"  class=\"panel-layout\" ><div id=\"pg-w63736980f3557-0\"  class=\"panel-grid panel-no-style\" ><div id=\"pgc-w63736980f3557-0-0\"  class=\"panel-grid-cell\" ><div id=\"panel-w63736980f3557-0-0-0\" class=\"so-panel widget widget_text panel-first-child panel-last-child\" data-index=\"0\" ><div class=\"panel-widget-style panel-widget-style-for-w63736980f3557-0-0-0\" ><h3 class=\"widget-title\">\u00d6zcan Kambur (Mesul M\u00fcd\u00fcr)<\/h3>\t\t\t<div class=\"textwidget\"><p>24.08.1970 tarihinde Artvin ili Arhavi il\u00e7esinde do\u011fdum. \u0130lk , orta ve lise e\u011fitimini Arhavi\u2019de tamamlad\u0131m. 1987 \u2013 1993 y\u0131llar\u0131nda KT\u00dc Farabi Hastanesi T\u0131p Fak\u00fcltesinde e\u011fitim ald\u0131m. 1993 -2004 y\u0131llar\u0131 aras\u0131nda de\u011fi\u015fik kurumlarda pratisyen hekim olarak \u00e7al\u0131\u015ft\u0131m. 2004 y\u0131l\u0131ndan itibaren \u00d6zel Trabzon Diyaliz ve sonras\u0131nda \u00d6zel Yavuz Selim Diyaliz Merkezinde Sorumlu Diyaliz Hekimi olarak \u00e7al\u0131\u015fmaktay\u0131m.Evli ve iki \u00e7ocuk babas\u0131y\u0131m.<\/p>\n<\/div>\n\t\t<\/div><\/div><\/div><\/div><div id=\"pg-w63736980f3557-1\"  class=\"panel-grid panel-no-style\" ><div id=\"pgc-w63736980f3557-1-0\"  class=\"panel-grid-cell panel-grid-cell-empty\" ><\/div><div id=\"pgc-w63736980f3557-1-1\"  class=\"panel-grid-cell\" ><div id=\"panel-w63736980f3557-1-1-0\" class=\"so-panel widget widget_sow-social-media-buttons panel-first-child panel-last-child\" data-index=\"1\" ><div\n\t\t\t\n\t\t\tclass=\"so-widget-sow-social-media-buttons so-widget-sow-social-media-buttons-atom-85c97163ad4f\"\n\t\t\t\n\t\t>\n<h3 class=\"widget-title\">\u0130leti\u015fim Bilgileri<\/h3>\n<div class=\"social-media-button-container\">\n\t\n\t\t<a class=\"ow-button-hover sow-social-media-button-phone-0 sow-social-media-button\" title=\"Telefon\" aria-label=\"Telefon\" href=\"tel:04622222222\" >\n\t\t\t<span>\n\t\t\t\t\t\t\t\t<span class=\"sow-icon-fontawesome sow-fas\" data-sow-icon=\"&#xf095;\"\n\t\t \n\t\taria-hidden=\"true\"><\/span>\t\t\t\t\t\t\t<\/span>\n\t\t<\/a>\n\t\n\t\t<a class=\"ow-button-hover sow-social-media-button-envelope-0 sow-social-media-button\" title=\"E-mail\" aria-label=\"E-mail\" target=\"_blank\" rel=\"noopener noreferrer\" href=\"mailto:\" >\n\t\t\t<span>\n\t\t\t\t\t\t\t\t<span class=\"sow-icon-fontawesome sow-fas\" data-sow-icon=\"&#xf0e0;\"\n\t\t \n\t\taria-hidden=\"true\"><\/span>\t\t\t\t\t\t\t<\/span>\n\t\t<\/a>\n\t<\/div>\n<\/div><\/div><\/div><div id=\"pgc-w63736980f3557-1-2\"  class=\"panel-grid-cell panel-grid-cell-empty panel-grid-cell-mobile-last\" ><\/div><div id=\"pgc-w63736980f3557-1-3\"  class=\"panel-grid-cell panel-grid-cell-empty\" ><\/div><\/div><\/div><\/div><\/div><\/div><\/div><div id=\"pg-995-2\"  class=\"panel-grid panel-no-style\" ><div id=\"pgc-995-2-0\"  class=\"panel-grid-cell\" ><div id=\"panel-995-2-0-0\" class=\"so-panel widget widget_sow-headline panel-first-child panel-last-child\" data-index=\"2\" ><div\n\t\t\t\n\t\t\tclass=\"so-widget-sow-headline so-widget-sow-headline-default-bc95deb20755-995\"\n\t\t\t\n\t\t><div class=\"sow-headline-container \">\n\t\t\t\t\t\t<div class=\"decoration\">\n\t\t\t\t\t\t<div class=\"decoration-inside\"><\/div>\n\t\t\t\t\t<\/div>\n\t\t\t\t\t<\/div><\/div><\/div><\/div><\/div><div id=\"pg-995-3\"  class=\"panel-grid panel-no-style\" ><div id=\"pgc-995-3-0\"  class=\"panel-grid-cell\" ><div class=\"panel-cell-style panel-cell-style-for-995-3-0\" ><div id=\"panel-995-3-0-0\" class=\"so-panel widget widget_sow-image panel-first-child panel-last-child\" data-index=\"3\" ><div\n\t\t\t\n\t\t\tclass=\"so-widget-sow-image so-widget-sow-image-default-6b88c04c1f9b-995\"\n\t\t\t\n\t\t>\n\n<div class=\"sow-image-container\">\n\t\t<img decoding=\"async\" src=\"https:\/\/rnsdiyaliz.com.tr\/web\/wp-content\/uploads\/2022\/11\/dr1.png\" width=\"374\" height=\"374\" srcset=\"https:\/\/rnsdiyaliz.com.tr\/web\/wp-content\/uploads\/2022\/11\/dr1.png 374w, https:\/\/rnsdiyaliz.com.tr\/web\/wp-content\/uploads\/2022\/11\/dr1-300x300.png 300w, https:\/\/rnsdiyaliz.com.tr\/web\/wp-content\/uploads\/2022\/11\/dr1-150x150.png 150w\" sizes=\"auto, (max-width: 374px) 100vw, 374px\" title=\"DR.TANER \u015eEN\" alt=\"\" loading=\"lazy\" \t\tclass=\"so-widget-image\"\/>\n\t<\/div>\n\n<h3 class=\"widget-title\">DR.TANER \u015eEN<\/h3><\/div><\/div><\/div><\/div><div id=\"pgc-995-3-1\"  class=\"panel-grid-cell\" ><div class=\"panel-cell-style panel-cell-style-for-995-3-1\" ><div id=\"panel-995-3-1-0\" class=\"so-panel widget widget_siteorigin-panels-builder panel-first-child panel-last-child\" data-index=\"4\" ><div id=\"pl-w6373698102d18\"  class=\"panel-layout\" ><div id=\"pg-w6373698102d18-0\"  class=\"panel-grid panel-no-style\" ><div id=\"pgc-w6373698102d18-0-0\"  class=\"panel-grid-cell\" ><div id=\"panel-w6373698102d18-0-0-0\" class=\"so-panel widget widget_text panel-first-child panel-last-child\" data-index=\"0\" ><div class=\"panel-widget-style panel-widget-style-for-w6373698102d18-0-0-0\" ><h3 class=\"widget-title\">Dr.Taner \u015een (i\u00e7 Hastal\u0131klar\u0131 Uzman\u0131- Sorumlu Uzman Hekim)<\/h3>\t\t\t<div class=\"textwidget\"><p>1950 y\u0131l\u0131nda Trabzon ili Hac\u0131 Kas\u0131m Mahallesinde do\u011fdum. \u0130lk ve ortaokul e\u011fitimimi\u00a0 Kurtulu\u015f ortaokulunda, lise e\u011fitimimi ise Rize Lisesinde tamamld\u0131m.1974 y\u0131l\u0131nda Ege \u00dcniversitesi T\u0131p Fak\u00fcltesinden mezun olduktan sonra Dahiliye ihtisas\u0131n\u0131 \u0130stanbul Haseki\u00a0 Hastanesinde tamamlad\u0131m.1983-1985 aras\u0131 Van S.S.K Hastanesi, 1985-2000 aras\u0131 Trabzon S.S.K Hastanesi,2 y\u0131l Y\u0131ld\u0131zl\u0131 G\u00fcven Hastanesinde g\u00f6rev yapt\u0131ktan sonra2013\u00a0 RNS Diyaliz \u00d6zel Sa\u011fl\u0131k Hizmetleri A.\u015e. de g\u00f6reve ba\u015flad\u0131m. Evli ve 2 k\u0131z babas\u0131y\u0131m.<\/p>\n<\/div>\n\t\t<\/div><\/div><\/div><\/div><div id=\"pg-w6373698102d18-1\"  class=\"panel-grid panel-no-style\" ><div id=\"pgc-w6373698102d18-1-0\"  class=\"panel-grid-cell panel-grid-cell-empty\" ><\/div><div id=\"pgc-w6373698102d18-1-1\"  class=\"panel-grid-cell\" ><div id=\"panel-w6373698102d18-1-1-0\" class=\"so-panel widget widget_sow-social-media-buttons panel-first-child panel-last-child\" data-index=\"1\" ><div\n\t\t\t\n\t\t\tclass=\"so-widget-sow-social-media-buttons so-widget-sow-social-media-buttons-atom-85c97163ad4f\"\n\t\t\t\n\t\t>\n<h3 class=\"widget-title\">\u0130leti\u015fim Bilgileri<\/h3>\n<div class=\"social-media-button-container\">\n\t\n\t\t<a class=\"ow-button-hover sow-social-media-button-phone-0 sow-social-media-button\" title=\"Telefon\" aria-label=\"Telefon\" href=\"tel:04622222222\" >\n\t\t\t<span>\n\t\t\t\t\t\t\t\t<span class=\"sow-icon-fontawesome sow-fas\" data-sow-icon=\"&#xf095;\"\n\t\t \n\t\taria-hidden=\"true\"><\/span>\t\t\t\t\t\t\t<\/span>\n\t\t<\/a>\n\t\n\t\t<a class=\"ow-button-hover sow-social-media-button-envelope-0 sow-social-media-button\" title=\"E-mail\" aria-label=\"E-mail\" target=\"_blank\" rel=\"noopener noreferrer\" href=\"mailto:\" >\n\t\t\t<span>\n\t\t\t\t\t\t\t\t<span class=\"sow-icon-fontawesome sow-fas\" data-sow-icon=\"&#xf0e0;\"\n\t\t \n\t\taria-hidden=\"true\"><\/span>\t\t\t\t\t\t\t<\/span>\n\t\t<\/a>\n\t<\/div>\n<\/div><\/div><\/div><div id=\"pgc-w6373698102d18-1-2\"  class=\"panel-grid-cell panel-grid-cell-empty panel-grid-cell-mobile-last\" ><\/div><div id=\"pgc-w6373698102d18-1-3\"  class=\"panel-grid-cell panel-grid-cell-empty\" ><\/div><\/div><\/div><\/div><\/div><\/div><\/div><div id=\"pg-995-4\"  class=\"panel-grid panel-no-style\" ><div id=\"pgc-995-4-0\"  class=\"panel-grid-cell\" ><div id=\"panel-995-4-0-0\" class=\"so-panel widget widget_sow-headline panel-first-child panel-last-child\" data-index=\"5\" ><div\n\t\t\t\n\t\t\tclass=\"so-widget-sow-headline so-widget-sow-headline-default-bc95deb20755-995\"\n\t\t\t\n\t\t><div class=\"sow-headline-container \">\n\t\t\t\t\t\t<div class=\"decoration\">\n\t\t\t\t\t\t<div class=\"decoration-inside\"><\/div>\n\t\t\t\t\t<\/div>\n\t\t\t\t\t<\/div><\/div><\/div><\/div><\/div><div id=\"pg-995-5\"  class=\"panel-grid panel-no-style\" ><div id=\"pgc-995-5-0\"  class=\"panel-grid-cell\" ><div class=\"panel-cell-style panel-cell-style-for-995-5-0\" ><div id=\"panel-995-5-0-0\" class=\"so-panel widget widget_sow-image panel-first-child panel-last-child\" data-index=\"6\" ><div\n\t\t\t\n\t\t\tclass=\"so-widget-sow-image so-widget-sow-image-default-6b88c04c1f9b-995\"\n\t\t\t\n\t\t>\n\n<div class=\"sow-image-container\">\n\t\t<img decoding=\"async\" src=\"https:\/\/rnsdiyaliz.com.tr\/web\/wp-content\/uploads\/2022\/11\/ctopal.jpg\" width=\"225\" height=\"225\" srcset=\"https:\/\/rnsdiyaliz.com.tr\/web\/wp-content\/uploads\/2022\/11\/ctopal.jpg 225w, https:\/\/rnsdiyaliz.com.tr\/web\/wp-content\/uploads\/2022\/11\/ctopal-150x150.jpg 150w\" sizes=\"auto, (max-width: 225px) 100vw, 225px\" title=\"Dr. Cevat Topal\" alt=\"\" loading=\"lazy\" \t\tclass=\"so-widget-image\"\/>\n\t<\/div>\n\n<h3 class=\"widget-title\">Dr. Cevat Topal<\/h3><\/div><\/div><\/div><\/div><div id=\"pgc-995-5-1\"  class=\"panel-grid-cell\" ><div class=\"panel-cell-style panel-cell-style-for-995-5-1\" ><div id=\"panel-995-5-1-0\" class=\"so-panel widget widget_siteorigin-panels-builder panel-first-child panel-last-child\" data-index=\"7\" ><div id=\"pl-w6373698105d64\"  class=\"panel-layout\" ><div id=\"pg-w6373698105d64-0\"  class=\"panel-grid panel-no-style\" ><div id=\"pgc-w6373698105d64-0-0\"  class=\"panel-grid-cell\" ><div id=\"panel-w6373698105d64-0-0-0\" class=\"so-panel widget widget_text panel-first-child panel-last-child\" data-index=\"0\" ><div class=\"panel-widget-style panel-widget-style-for-w6373698105d64-0-0-0\" ><h3 class=\"widget-title\">Cevat TOPAL (\u0130\u00e7 Hastal\u0131klar\u0131 ve Nefroloji Uzman\u0131-Sorumlu uzman hekim)<\/h3>\t\t\t<div class=\"textwidget\"><p>1972 y\u0131l\u0131nda Trabzon\u2019da do\u011fdu. \u0130lk, orta ve lise \u00f6\u011frenimini Trabzon\u2019da bitirdi. 1994 y\u0131l\u0131nda Samsun 19 May\u0131s \u00dcniversitesi T\u0131p Fak\u00fcltesi\u2019nden d\u00f6nem birincisi olarak mezun oldu. Ocak 1997 y\u0131l\u0131nda, Van Y\u00fcz\u00fcnc\u00fc Y\u0131l \u00dcniversitesi\u2019nde ba\u015flad\u0131\u011f\u0131 i\u00e7 hastal\u0131klar\u0131 uzmanl\u0131\u011f\u0131n\u0131 28 \u015fubat 2001\u2019de tamamlayarak i\u00e7 hastal\u0131klar\u0131 uzman\u0131 oldu. Ayn\u0131 y\u0131l ba\u015flam\u0131\u015f oldu\u011fu Nefroloji yan dal e\u011fitimini 24.05.2004 tarihinde tamamlayarak nefroloji uzman\u0131 oldu. 2001-2004 y\u0131llar\u0131 aras\u0131nda ayn\u0131 \u00fcniversitede yrd. do\u00e7ent kadrosunda akademisyen olarak \u00e7al\u0131\u015ft\u0131. daha sonra uzun bir d\u00f6nem Trabzon Kanuni E\u011fitim ve Ara\u015ft\u0131rma hastanesinde nefroloji klini\u011finde nefroloji uzman\u0131 olarak \u00e7al\u0131\u015ft\u0131. Trabzon medicalpark hastanesinde i\u00e7 hastal\u0131klar\u0131 ve nefroloji uzman\u0131 olarak \u00e7al\u0131\u015fmaktad\u0131r.Ayn\u0131 zamanda 2013 y\u0131l\u0131ndan itibaren \u00d6zel RNS Diyaliz \u00d6zel Sa\u011fl\u0131k Hizmetleri A.\u015e b\u00fcnyesindeki diyaliz merkezlerininde Sorumlu Uzman hekimidir.Nefrolojide invazif giri\u015fimler ( kal\u0131c\u0131 hemodiyaliz kateteri, ge\u00e7ici hemodiyaliz kateteri, b\u00f6brek biyopsisi, periton kateteri tak\u0131lmas\u0131 ve av fist\u00fcl vs.) ve periton diyalizi \u00f6zel ilgi alanlar\u0131d\u0131r.<\/p>\n<\/div>\n\t\t<\/div><\/div><\/div><\/div><div id=\"pg-w6373698105d64-1\"  class=\"panel-grid panel-no-style\" ><div id=\"pgc-w6373698105d64-1-0\"  class=\"panel-grid-cell panel-grid-cell-empty\" ><\/div><div id=\"pgc-w6373698105d64-1-1\"  class=\"panel-grid-cell\" ><div id=\"panel-w6373698105d64-1-1-0\" class=\"so-panel widget widget_sow-social-media-buttons panel-first-child panel-last-child\" data-index=\"1\" ><div\n\t\t\t\n\t\t\tclass=\"so-widget-sow-social-media-buttons so-widget-sow-social-media-buttons-atom-85c97163ad4f\"\n\t\t\t\n\t\t>\n<h3 class=\"widget-title\">\u0130leti\u015fim Bilgileri<\/h3>\n<div class=\"social-media-button-container\">\n\t\n\t\t<a class=\"ow-button-hover sow-social-media-button-phone-0 sow-social-media-button\" title=\"Telefon\" aria-label=\"Telefon\" href=\"tel:04622222222\" >\n\t\t\t<span>\n\t\t\t\t\t\t\t\t<span class=\"sow-icon-fontawesome sow-fas\" data-sow-icon=\"&#xf095;\"\n\t\t \n\t\taria-hidden=\"true\"><\/span>\t\t\t\t\t\t\t<\/span>\n\t\t<\/a>\n\t\n\t\t<a class=\"ow-button-hover sow-social-media-button-envelope-0 sow-social-media-button\" title=\"E-mail\" aria-label=\"E-mail\" target=\"_blank\" rel=\"noopener noreferrer\" href=\"mailto:\" >\n\t\t\t<span>\n\t\t\t\t\t\t\t\t<span class=\"sow-icon-fontawesome sow-fas\" data-sow-icon=\"&#xf0e0;\"\n\t\t \n\t\taria-hidden=\"true\"><\/span>\t\t\t\t\t\t\t<\/span>\n\t\t<\/a>\n\t<\/div>\n<\/div><\/div><\/div><div id=\"pgc-w6373698105d64-1-2\"  class=\"panel-grid-cell panel-grid-cell-empty panel-grid-cell-mobile-last\" ><\/div><div id=\"pgc-w6373698105d64-1-3\"  class=\"panel-grid-cell panel-grid-cell-empty\" ><\/div><\/div><\/div><\/div><\/div><\/div><\/div><div id=\"pg-995-6\"  class=\"panel-grid panel-no-style\" ><div id=\"pgc-995-6-0\"  class=\"panel-grid-cell\" ><div id=\"panel-995-6-0-0\" class=\"so-panel widget widget_sow-headline panel-first-child panel-last-child\" data-index=\"8\" ><div\n\t\t\t\n\t\t\tclass=\"so-widget-sow-headline so-widget-sow-headline-default-bc95deb20755-995\"\n\t\t\t\n\t\t><div class=\"sow-headline-container \">\n\t\t\t\t\t\t<div class=\"decoration\">\n\t\t\t\t\t\t<div class=\"decoration-inside\"><\/div>\n\t\t\t\t\t<\/div>\n\t\t\t\t\t<\/div><\/div><\/div><\/div><\/div><div id=\"pg-995-7\"  class=\"panel-grid panel-no-style\" ><div id=\"pgc-995-7-0\"  class=\"panel-grid-cell\" ><div class=\"panel-cell-style panel-cell-style-for-995-7-0\" ><div id=\"panel-995-7-0-0\" class=\"so-panel widget widget_sow-image panel-first-child panel-last-child\" data-index=\"9\" ><div\n\t\t\t\n\t\t\tclass=\"so-widget-sow-image so-widget-sow-image-default-6b88c04c1f9b-995\"\n\t\t\t\n\t\t>\n\n<div class=\"sow-image-container\">\n\t\t<img decoding=\"async\" src=\"https:\/\/rnsdiyaliz.com.tr\/web\/wp-content\/uploads\/2023\/08\/sunazihni-218x300.jpg\" width=\"218\" height=\"300\" srcset=\"https:\/\/rnsdiyaliz.com.tr\/web\/wp-content\/uploads\/2023\/08\/sunazihni-218x300.jpg 218w, https:\/\/rnsdiyaliz.com.tr\/web\/wp-content\/uploads\/2023\/08\/sunazihni.jpg 472w\" sizes=\"auto, (max-width: 218px) 100vw, 218px\" title=\"Dr. Suna Zihni\" alt=\"\" loading=\"lazy\" \t\tclass=\"so-widget-image\"\/>\n\t<\/div>\n\n<h3 class=\"widget-title\">Dr. Suna Zihni<\/h3><\/div><\/div><\/div><\/div><div id=\"pgc-995-7-1\"  class=\"panel-grid-cell\" ><div class=\"panel-cell-style panel-cell-style-for-995-7-1\" ><div id=\"panel-995-7-1-0\" class=\"so-panel widget widget_siteorigin-panels-builder panel-first-child panel-last-child\" data-index=\"10\" ><div id=\"pl-w64d2005426422\"  class=\"panel-layout\" ><div id=\"pg-w64d2005426422-0\"  class=\"panel-grid panel-no-style\" ><div id=\"pgc-w64d2005426422-0-0\"  class=\"panel-grid-cell\" ><div id=\"panel-w64d2005426422-0-0-0\" class=\"so-panel widget widget_text panel-first-child panel-last-child\" data-index=\"0\" ><div class=\"panel-widget-style panel-widget-style-for-w64d2005426422-0-0-0\" ><h3 class=\"widget-title\">Dr.Suna Zihni (Pratisyen hekim)<\/h3>\t\t\t<div class=\"textwidget\"><p>1967 Trabzon do\u011fumluyum ilk orta ve lise \u00f6\u011frenimimi Trabzon da tamamlad\u0131ktan sonra KT\u00dc T\u0131p fak\u00fcltesinden mezun oldum. Sa\u011fl\u0131k Bakanl\u0131\u011f\u0131na ba\u011fl\u0131 kurulu\u015flarda pratisyen hekimlik, diyaliz hekimli\u011fi ve aile hekimli\u011fi yapt\u0131ktan sonra emekli oldum. \u0130stanbul da 2014-2022 y\u0131llar\u0131 aras\u0131nda kurum doktorlu\u011fu yapt\u0131ktan sonra 2022 temmuz ay\u0131nda diyaliz hekimli\u011fine geri d\u00f6nd\u00fcm.<\/p>\n<p>02.08.2023 tarihinden itibaren \u00d6zel Yavuz Selim Diyaliz Merkezinde diyaliz hekimi olarak g\u00f6rev yapmaktay\u0131m.<\/p>\n<\/div>\n\t\t<\/div><\/div><\/div><\/div><div id=\"pg-w64d2005426422-1\"  class=\"panel-grid panel-no-style\" ><div id=\"pgc-w64d2005426422-1-0\"  class=\"panel-grid-cell panel-grid-cell-empty\" ><\/div><div id=\"pgc-w64d2005426422-1-1\"  class=\"panel-grid-cell\" ><div id=\"panel-w64d2005426422-1-1-0\" class=\"so-panel widget widget_sow-social-media-buttons panel-first-child panel-last-child\" data-index=\"1\" ><div\n\t\t\t\n\t\t\tclass=\"so-widget-sow-social-media-buttons so-widget-sow-social-media-buttons-atom-85c97163ad4f\"\n\t\t\t\n\t\t>\n<h3 class=\"widget-title\">\u0130leti\u015fim Bilgileri<\/h3>\n<div class=\"social-media-button-container\">\n\t\n\t\t<a class=\"ow-button-hover sow-social-media-button-phone-0 sow-social-media-button\" title=\"Telefon\" aria-label=\"Telefon\" href=\"tel:04622222222\" >\n\t\t\t<span>\n\t\t\t\t\t\t\t\t<span class=\"sow-icon-fontawesome sow-fas\" data-sow-icon=\"&#xf095;\"\n\t\t \n\t\taria-hidden=\"true\"><\/span>\t\t\t\t\t\t\t<\/span>\n\t\t<\/a>\n\t\n\t\t<a class=\"ow-button-hover sow-social-media-button-envelope-0 sow-social-media-button\" title=\"E-mail\" aria-label=\"E-mail\" target=\"_blank\" rel=\"noopener noreferrer\" href=\"mailto:\" >\n\t\t\t<span>\n\t\t\t\t\t\t\t\t<span class=\"sow-icon-fontawesome sow-fas\" data-sow-icon=\"&#xf0e0;\"\n\t\t \n\t\taria-hidden=\"true\"><\/span>\t\t\t\t\t\t\t<\/span>\n\t\t<\/a>\n\t<\/div>\n<\/div><\/div><\/div><div id=\"pgc-w64d2005426422-1-2\"  class=\"panel-grid-cell panel-grid-cell-empty panel-grid-cell-mobile-last\" ><\/div><div id=\"pgc-w64d2005426422-1-3\"  class=\"panel-grid-cell panel-grid-cell-empty\" ><\/div><\/div><\/div><\/div><\/div><\/div><\/div><\/div>","protected":false},"excerpt":{"rendered":"<p>DR.\u00d6ZCAN KAMBUR\u00d6zcan Kambur (Mesul M\u00fcd\u00fcr) 24.08.1970 tarihinde Artvin ili Arhavi il\u00e7esinde do\u011fdum. \u0130lk , orta ve lise e\u011fitimini Arhavi\u2019de tamamlad\u0131m. 1987 \u2013 1993 y\u0131llar\u0131nda KT\u00dc&hellip;<\/p>\n","protected":false},"author":1,"featured_media":0,"parent":0,"menu_order":0,"comment_status":"closed","ping_status":"closed","template":"","meta":{"footnotes":""},"class_list":["post-995","page","type-page","status-publish","hentry"],"_links":{"self":[{"href":"https:\/\/rnsdiyaliz.com.tr\/web\/wp-json\/wp\/v2\/pages\/995","targetHints":{"allow":["GET"]}}],"collection":[{"href":"https:\/\/rnsdiyaliz.com.tr\/web\/wp-json\/wp\/v2\/pages"}],"about":[{"href":"https:\/\/rnsdiyaliz.com.tr\/web\/wp-json\/wp\/v2\/types\/page"}],"author":[{"embeddable":true,"href":"https:\/\/rnsdiyaliz.com.tr\/web\/wp-json\/wp\/v2\/users\/1"}],"replies":[{"embeddable":true,"href":"https:\/\/rnsdiyaliz.com.tr\/web\/wp-json\/wp\/v2\/comments?post=995"}],"version-history":[{"count":26,"href":"https:\/\/rnsdiyaliz.com.tr\/web\/wp-json\/wp\/v2\/pages\/995\/revisions"}],"predecessor-version":[{"id":1435,"href":"https:\/\/rnsdiyaliz.com.tr\/web\/wp-json\/wp\/v2\/pages\/995\/revisions\/1435"}],"wp:attachment":[{"href":"https:\/\/rnsdiyaliz.com.tr\/web\/wp-json\/wp\/v2\/media?parent=995"}],"curies":[{"name":"wp","href":"https:\/\/api.w.org\/{rel}","templated":true}]}}