{"id":927,"date":"2022-11-13T14:36:20","date_gmt":"2022-11-13T14:36:20","guid":{"rendered":"https:\/\/rnsdiyaliz.com.tr\/web\/?page_id=927"},"modified":"2024-07-16T10:03:42","modified_gmt":"2024-07-16T10:03:42","slug":"hakkimizda","status":"publish","type":"page","link":"https:\/\/rnsdiyaliz.com.tr\/web\/hakkimizda\/","title":{"rendered":"HAKKIMIZDA"},"content":{"rendered":"<div id=\"pl-927\"  class=\"panel-layout\" ><div id=\"pg-927-0\"  class=\"panel-grid panel-no-style\" ><div id=\"pgc-927-0-0\"  class=\"panel-grid-cell panel-grid-cell-empty panel-grid-cell-mobile-last\" ><\/div><div id=\"pgc-927-0-1\"  class=\"panel-grid-cell panel-grid-cell-empty\" ><\/div><\/div><div id=\"pg-927-1\"  class=\"panel-grid panel-no-style\" ><div id=\"pgc-927-1-0\"  class=\"panel-grid-cell\" ><div id=\"panel-927-1-0-0\" class=\"so-panel widget widget_sow-editor panel-first-child panel-last-child\" data-index=\"0\" ><div\n\t\t\t\n\t\t\tclass=\"so-widget-sow-editor so-widget-sow-editor-base\"\n\t\t\t\n\t\t>\n<div class=\"siteorigin-widget-tinymce textwidget\">\n\t<p><strong><u>HAKKIMIZDA:<\/u><\/strong><\/p>\n<p>R.N.S. Diyaliz \u00d6zel Sa\u011fl\u0131k Hizmetleri A.\u015e. 12.09.2012 tarihinde kurulmu\u015f akabinde Sa\u011fl\u0131k Bakanl\u0131\u011f\u0131ndan 35+2 makine olarak ruhsat alarak faaliyetine ba\u015flam\u0131\u015ft\u0131r. \u015euan faaliyetini 37+2 makine ve 3 adet tatil diyaliz makinesi ile devam etmektedir.<\/p>\n<p>08.04.2013 tarihinde ise \u015firketimiz b\u00fcnyesinde faaliyet g\u00f6sterecek olan Yavuz Selim \u015fubemiz 42+2 makine ile hastalar\u0131m\u0131za hizmet vermeye ba\u015flam\u0131\u015ft\u0131r. \u015euna faaliyetine 43+2 makine ve 3 adet tatil diyaliz makinesi ile devam etmektedir. \u015eirketimiz toplam makine say\u0131s\u0131 olarak b\u00f6lgemizdeki en b\u00fcy\u00fck diyaliz merkezidir. \u015eirketimiz b\u00fcnyesinde 1 Nefroloji uzman\u0131, 1 i\u00e7 hastal\u0131klar\u0131 uzman\u0131 ve diyaliz sertifikal\u0131 3 pratisyen hekim g\u00f6rev yapmaktad\u0131r.Toplam \u00e7al\u0131\u015fan say\u0131m\u0131z ise 68 dir.<\/p>\n<\/div>\n<\/div><\/div><\/div><\/div><div id=\"pg-927-2\"  class=\"panel-grid panel-no-style\" ><div id=\"pgc-927-2-0\"  class=\"panel-grid-cell panel-grid-cell-empty panel-grid-cell-mobile-last\" ><\/div><div id=\"pgc-927-2-1\"  class=\"panel-grid-cell panel-grid-cell-empty\" ><\/div><\/div><\/div>","protected":false},"excerpt":{"rendered":"<p>HAKKIMIZDA: R.N.S. Diyaliz \u00d6zel Sa\u011fl\u0131k Hizmetleri A.\u015e. 12.09.2012 tarihinde kurulmu\u015f akabinde Sa\u011fl\u0131k Bakanl\u0131\u011f\u0131ndan 35+2 makine olarak ruhsat alarak faaliyetine ba\u015flam\u0131\u015ft\u0131r. \u015euan faaliyetini 37+2 makine ve&hellip;<\/p>\n","protected":false},"author":1,"featured_media":0,"parent":0,"menu_order":0,"comment_status":"closed","ping_status":"closed","template":"","meta":{"footnotes":""},"class_list":["post-927","page","type-page","status-publish","hentry"],"_links":{"self":[{"href":"https:\/\/rnsdiyaliz.com.tr\/web\/wp-json\/wp\/v2\/pages\/927","targetHints":{"allow":["GET"]}}],"collection":[{"href":"https:\/\/rnsdiyaliz.com.tr\/web\/wp-json\/wp\/v2\/pages"}],"about":[{"href":"https:\/\/rnsdiyaliz.com.tr\/web\/wp-json\/wp\/v2\/types\/page"}],"author":[{"embeddable":true,"href":"https:\/\/rnsdiyaliz.com.tr\/web\/wp-json\/wp\/v2\/users\/1"}],"replies":[{"embeddable":true,"href":"https:\/\/rnsdiyaliz.com.tr\/web\/wp-json\/wp\/v2\/comments?post=927"}],"version-history":[{"count":8,"href":"https:\/\/rnsdiyaliz.com.tr\/web\/wp-json\/wp\/v2\/pages\/927\/revisions"}],"predecessor-version":[{"id":1446,"href":"https:\/\/rnsdiyaliz.com.tr\/web\/wp-json\/wp\/v2\/pages\/927\/revisions\/1446"}],"wp:attachment":[{"href":"https:\/\/rnsdiyaliz.com.tr\/web\/wp-json\/wp\/v2\/media?parent=927"}],"curies":[{"name":"wp","href":"https:\/\/api.w.org\/{rel}","templated":true}]}}