{"id":833,"date":"2022-11-13T13:37:27","date_gmt":"2022-11-13T13:37:27","guid":{"rendered":"https:\/\/rnsdiyaliz.com.tr\/web\/?page_id=833"},"modified":"2022-11-14T12:54:39","modified_gmt":"2022-11-14T12:54:39","slug":"833-2","status":"publish","type":"page","link":"https:\/\/rnsdiyaliz.com.tr\/web\/833-2\/","title":{"rendered":"BLOG"},"content":{"rendered":"<div id=\"pl-833\"  class=\"panel-layout\" ><div id=\"pg-833-0\"  class=\"panel-grid panel-no-style\" ><div id=\"pgc-833-0-0\"  class=\"panel-grid-cell panel-grid-cell-empty\" ><\/div><\/div><div id=\"pg-833-1\"  class=\"panel-grid panel-no-style\" ><div id=\"pgc-833-1-0\"  class=\"panel-grid-cell\" ><div id=\"panel-833-1-0-0\" class=\"so-panel widget widget_sow-blog panel-first-child panel-last-child\" data-index=\"0\" ><div\n\t\t\t\n\t\t\tclass=\"so-widget-sow-blog so-widget-sow-blog-grid-ca9125e336ca-833\"\n\t\t\t\n\t\t>\t\t<div\n\t\tclass=\"sow-blog sow-blog-layout-grid\"\n\t\tdata-template=\"grid\"\n\t\tdata-settings=\"{&quot;columns&quot;:2,&quot;featured_image&quot;:true,&quot;featured_image_size&quot;:&quot;sow-blog-grid&quot;,&quot;featured_image_size_width&quot;:&quot;&quot;,&quot;featured_image_size_height&quot;:&quot;&quot;,&quot;content&quot;:&quot;excerpt&quot;,&quot;read_more&quot;:true,&quot;excerpt_length&quot;:55,&quot;date&quot;:true,&quot;filter_categories&quot;:true,&quot;comment_count&quot;:true,&quot;so_field_container_state&quot;:&quot;open&quot;,&quot;author&quot;:false,&quot;categories&quot;:false,&quot;tags&quot;:false,&quot;template&quot;:&quot;grid&quot;}\"\n\t\tdata-paged=\"1\"\n\t\tdata-total-pages=\"1\"\n\t\tdata-hash=\"9ba318b1\"\n\t>\n\t\t\n\t\t<div class=\"sow-blog-posts\">\n\t\t\t\t\t\t\t<article id=\"post-1143\" class=\"post-1143 post type-post status-publish format-standard has-post-thumbnail hentry category-hastaliklar\" style=\"margin: 0 0 30px;\">\n\t\t\t\t<div class=\"sow-entry-thumbnail\">\n\t\t\t\t\t\t\t\t<a href=\"https:\/\/rnsdiyaliz.com.tr\/web\/2022\/11\/14\/hemodiyaliz\/\">\n\t\t\t\t\t<img loading=\"lazy\" decoding=\"async\" width=\"720\" height=\"395\" src=\"https:\/\/rnsdiyaliz.com.tr\/web\/wp-content\/uploads\/2022\/11\/hemo-720x395.jpg\" class=\"attachment-sow-blog-grid size-sow-blog-grid wp-post-image\" alt=\"\" \/>\t\t\t\t<\/a>\n\t\t\t<\/div>\n\t\t\t\t<div class=\"sow-blog-content-wrapper\" style=\"padding: 25px 30px 33px;\">\n\t\t<header class=\"sow-entry-header\" style=\"margin-bottom: 20px;\">\n\t\t\t<h2 class=\"sow-entry-title\" style=\"margin: 0 0 5px;\"><a href=\"https:\/\/rnsdiyaliz.com.tr\/web\/2022\/11\/14\/hemodiyaliz\/\" rel=\"bookmark\">HEMOD\u0130YAL\u0130Z<\/a><\/h2>\t\t\t<div class=\"sow-entry-meta\">\n\t\t\t\t\t\t\t<span class=\"sow-entry-date\">\n\t\t\t\t<a href=\"https:\/\/rnsdiyaliz.com.tr\/web\/2022\/11\/14\/hemodiyaliz\/\" rel=\"bookmark\">\n\t\t\t\t\t<time class=\"published\" datetime=\"2022-11-14T03:59:56+00:00\">\n\t\t\t\t\t\tKas\u0131m 14, 2022\t\t\t\t\t<\/time>\n\t\t\t\t\t<time class=\"updated\" datetime=\"2022-11-14T12:00:31+00:00\">\n\t\t\t\t\t\tKas\u0131m 14, 2022\t\t\t\t\t<\/time>\n\t\t\t\t<\/a>\n\t\t\t<\/span>\n\t\t\n\t\t\n\t\t\n\t\t\n\t\t\t\t\t<\/div>\n\t\t<\/header>\n\n\t\t<div class=\"sow-entry-content\">\n\t\t\t<p>Hemodiyaliz nedir? &nbsp;&nbsp;&nbsp;&nbsp;&nbsp;&nbsp;&nbsp;&nbsp;&nbsp;&nbsp; \u0130lk kez 1944 y\u0131l\u0131nda Hollandal\u0131 bir hekim olan Kolff taraf\u0131ndan yap\u0131lm\u0131\u015ft\u0131r. \u00d6zel bir membran ile hastan\u0131n kan\u0131n\u0131n makineler arac\u0131l\u0131\u011f\u0131 ile temizlenmesi i\u015flemidir. hemodiyaliz i\u015fleminin ger\u00e7ekle\u015fmesi i\u00e7in yeterli kan ak\u0131m\u0131 sa\u011flanmal\u0131, bir membran ve hemodiyaliz makinesi sa\u011flanmal\u0131d\u0131r. Yeterli kan ak\u0131m\u0131n\u0131n\u0131n sa\u011flanmas\u0131 i\u00e7in hastan\u0131n atar ve toplar damar\u0131 aras\u0131nda bir pencere ( arteriyoven\u00f6z fist\u00fcl...<a class=\"sow-more-link more-link excerpt\" href=\"https:\/\/rnsdiyaliz.com.tr\/web\/2022\/11\/14\/hemodiyaliz\/\">\n\t\t\tContinue reading<span class=\"sow-more-link-arrow\">&rarr;<\/span><\/a><\/p>\t\t<\/div>\n\t<\/div>\n<\/article>\n\t\t\t\t\t\t\t<article id=\"post-807\" class=\"post-807 post type-post status-publish format-standard has-post-thumbnail hentry category-hastaliklar\" style=\"margin: 0 0 30px;\">\n\t\t\t\t<div class=\"sow-entry-thumbnail\">\n\t\t\t\t\t\t\t\t<a href=\"https:\/\/rnsdiyaliz.com.tr\/web\/2022\/11\/13\/kronik-bobrek-yetmezligi\/\">\n\t\t\t\t\t<img loading=\"lazy\" decoding=\"async\" width=\"720\" height=\"480\" src=\"https:\/\/rnsdiyaliz.com.tr\/web\/wp-content\/uploads\/2022\/11\/kidney-720x480.jpg\" class=\"attachment-sow-blog-grid size-sow-blog-grid wp-post-image\" alt=\"\" srcset=\"https:\/\/rnsdiyaliz.com.tr\/web\/wp-content\/uploads\/2022\/11\/kidney-720x480.jpg 720w, https:\/\/rnsdiyaliz.com.tr\/web\/wp-content\/uploads\/2022\/11\/kidney-272x182.jpg 272w\" sizes=\"auto, (max-width: 720px) 100vw, 720px\" \/>\t\t\t\t<\/a>\n\t\t\t<\/div>\n\t\t\t\t<div class=\"sow-blog-content-wrapper\" style=\"padding: 25px 30px 33px;\">\n\t\t<header class=\"sow-entry-header\" style=\"margin-bottom: 20px;\">\n\t\t\t<h2 class=\"sow-entry-title\" style=\"margin: 0 0 5px;\"><a href=\"https:\/\/rnsdiyaliz.com.tr\/web\/2022\/11\/13\/kronik-bobrek-yetmezligi\/\" rel=\"bookmark\">KRON\u0130K B\u00d6BREK YETMEZL\u0130\u011e\u0130<\/a><\/h2>\t\t\t<div class=\"sow-entry-meta\">\n\t\t\t\t\t\t\t<span class=\"sow-entry-date\">\n\t\t\t\t<a href=\"https:\/\/rnsdiyaliz.com.tr\/web\/2022\/11\/13\/kronik-bobrek-yetmezligi\/\" rel=\"bookmark\">\n\t\t\t\t\t<time class=\"published\" datetime=\"2022-11-13T13:13:01+00:00\">\n\t\t\t\t\t\tKas\u0131m 13, 2022\t\t\t\t\t<\/time>\n\t\t\t\t\t<time class=\"updated\" datetime=\"2022-11-14T04:03:14+00:00\">\n\t\t\t\t\t\tKas\u0131m 14, 2022\t\t\t\t\t<\/time>\n\t\t\t\t<\/a>\n\t\t\t<\/span>\n\t\t\n\t\t\n\t\t\n\t\t\n\t\t\t\t\t<\/div>\n\t\t<\/header>\n\n\t\t<div class=\"sow-entry-content\">\n\t\t\t<p>&nbsp; KRON\u0130K B\u00d6BREK YETMEZL\u0130\u011e\u0130 NED\u0130R B\u00f6bre\u011fin normalde yapt\u0131\u011f\u0131 g\u00f6revlerin kayb\u0131na b\u00f6brek yetmezli\u011fi denir. B\u00f6brek yetmezli\u011fi geli\u015fti\u011finde b\u00f6breklerin \u015fu g\u00f6revlerinde \u00f6nemli aksamalar olur. 1.Zararl\u0131 maddelerin v\u00fccuttan idrar yoluyla uzakla\u015ft\u0131r\u0131lmas\u0131 2.Fazla suyun uzakla\u015ft\u0131r\u0131lmas\u0131 3.Kan bas\u0131nc\u0131n\u0131n kontrol edilmesine yard\u0131m 4.Kan h\u00fccrelerinin yap\u0131m\u0131n\u0131n kontrol edilmesine yard\u0131m 5.Kemi\u011fin g\u00fc\u00e7lenmesine yard\u0131m Sa\u011fl\u0131kl\u0131 bir tek b\u00f6brek t\u00fcm bu g\u00f6revleri yerine getirebilir. Ki\u015fide...<a class=\"sow-more-link more-link excerpt\" href=\"https:\/\/rnsdiyaliz.com.tr\/web\/2022\/11\/13\/kronik-bobrek-yetmezligi\/\">\n\t\t\tContinue reading<span class=\"sow-more-link-arrow\">&rarr;<\/span><\/a><\/p>\t\t<\/div>\n\t<\/div>\n<\/article>\n\t\t\t\t\t<\/div>\n\t\t\t\t\t<\/div>\n\t<\/div><\/div><\/div><\/div><div id=\"pg-833-2\"  class=\"panel-grid panel-no-style\" ><div id=\"pgc-833-2-0\"  class=\"panel-grid-cell panel-grid-cell-empty\" ><\/div><\/div><\/div>","protected":false},"excerpt":{"rendered":"","protected":false},"author":1,"featured_media":0,"parent":0,"menu_order":0,"comment_status":"closed","ping_status":"closed","template":"","meta":{"footnotes":""},"class_list":["post-833","page","type-page","status-publish","hentry"],"_links":{"self":[{"href":"https:\/\/rnsdiyaliz.com.tr\/web\/wp-json\/wp\/v2\/pages\/833","targetHints":{"allow":["GET"]}}],"collection":[{"href":"https:\/\/rnsdiyaliz.com.tr\/web\/wp-json\/wp\/v2\/pages"}],"about":[{"href":"https:\/\/rnsdiyaliz.com.tr\/web\/wp-json\/wp\/v2\/types\/page"}],"author":[{"embeddable":true,"href":"https:\/\/rnsdiyaliz.com.tr\/web\/wp-json\/wp\/v2\/users\/1"}],"replies":[{"embeddable":true,"href":"https:\/\/rnsdiyaliz.com.tr\/web\/wp-json\/wp\/v2\/comments?post=833"}],"version-history":[{"count":17,"href":"https:\/\/rnsdiyaliz.com.tr\/web\/wp-json\/wp\/v2\/pages\/833\/revisions"}],"predecessor-version":[{"id":1284,"href":"https:\/\/rnsdiyaliz.com.tr\/web\/wp-json\/wp\/v2\/pages\/833\/revisions\/1284"}],"wp:attachment":[{"href":"https:\/\/rnsdiyaliz.com.tr\/web\/wp-json\/wp\/v2\/media?parent=833"}],"curies":[{"name":"wp","href":"https:\/\/api.w.org\/{rel}","templated":true}]}}