{"id":817,"date":"2022-11-13T13:26:34","date_gmt":"2022-11-13T13:26:34","guid":{"rendered":"https:\/\/rnsdiyaliz.com.tr\/web\/?page_id=817"},"modified":"2022-11-14T12:18:04","modified_gmt":"2022-11-14T12:18:04","slug":"misyon-vizyon-ve-kalite-degerlerimiz","status":"publish","type":"page","link":"https:\/\/rnsdiyaliz.com.tr\/web\/misyon-vizyon-ve-kalite-degerlerimiz\/","title":{"rendered":"M\u0130SYON, V\u0130ZYON VE KAL\u0130TE DE\u011eERLER\u0130M\u0130Z"},"content":{"rendered":"<div id=\"pl-817\"  class=\"panel-layout\" ><div id=\"pg-817-0\"  class=\"panel-grid panel-no-style\" ><div id=\"pgc-817-0-0\"  class=\"panel-grid-cell panel-grid-cell-empty panel-grid-cell-mobile-last\" ><\/div><div id=\"pgc-817-0-1\"  class=\"panel-grid-cell panel-grid-cell-empty\" ><\/div><\/div><div id=\"pg-817-1\"  class=\"panel-grid panel-no-style\" ><div id=\"pgc-817-1-0\"  class=\"panel-grid-cell\" ><div id=\"panel-817-1-0-0\" class=\"so-panel widget widget_sow-editor panel-first-child panel-last-child\" data-index=\"0\" ><div\n\t\t\t\n\t\t\tclass=\"so-widget-sow-editor so-widget-sow-editor-base\"\n\t\t\t\n\t\t>\n<div class=\"siteorigin-widget-tinymce textwidget\">\n\t<p><strong><u>M\u0130SYONUMUZ:<\/u><\/strong><\/p>\n<p>Biz her insan\u0131n hayat\u0131 boyunca en iyi hizmeti almas\u0131 gerekti\u011fine ve ya\u015fam kalitesinin her zaman en \u00fcst d\u00fczeyde olmas\u0131 gerekti\u011fine inan\u0131r\u0131z.<\/p>\n<p>Diyaliz ailesi olarak hastalar\u0131m\u0131z\u0131n sa\u011fl\u0131\u011f\u0131 i\u00e7in \u00f6zverili ve tutkulu bir \u015fekilde \u00e7al\u0131\u015f\u0131r\u0131z...<\/p>\n<p>&nbsp;<\/p>\n<p><strong><u>V\u0130ZYONUMUZ:<\/u><\/strong><\/p>\n<p>Yenilik\u00e7i ve sorumlu ekip ruhuna olan inanc\u0131m\u0131zla \u00fclkemizdeki en iyi Diyaliz Merkezi olmak...<\/p>\n<p>&nbsp;<\/p>\n<p><strong><u>DE\u011eERLER\u0130M\u0130Z:<\/u><\/strong><\/p>\n<p><strong><u>Hasta Oda\u011f\u0131:<\/u><\/strong>\u00a0 Amac\u0131m\u0131z\u00a0 t\u00fcm hastalar\u0131m\u0131za\u00a0 tart\u0131\u015f\u0131lmaz kalitede\u00a0 hizmeti\u00a0 hatas\u0131z, zaman\u0131nda ve her zaman daha da geli\u015ftirerek sunmak. Faaliyetlerimizi,\u00a0 hastalar\u0131m\u0131z\u0131n ya\u015fam kalitesine katt\u0131\u011f\u0131m\u0131z de\u011feri geli\u015ftirmek ve en \u00fcst d\u00fczeye \u00e7\u0131karmak i\u00e7in d\u00fczenliyoruz. Bunu, onlar\u0131n ihtiya\u00e7lar\u0131n\u0131 \u00f6ng\u00f6rerek, gereksinimlerinden fazlas\u0131n\u0131 vererek ve s\u00fcrekli geli\u015fmeye \u00e7abalayarak yap\u0131yoruz.<\/p>\n<p><strong><u>\u00a0<\/u><\/strong><\/p>\n<p><strong><u>Kusursuzluk Tutkusu:<\/u><\/strong> En y\u00fcksek standartlar\u0131 yakalad\u0131\u011f\u0131m\u0131z ve yapt\u0131\u011f\u0131m\u0131z i\u015fte en iyisi olma gayretinin verdi\u011fi gurur duygusuyla motive oluyoruz. \u00d6\u011frenme ve b\u00fcy\u00fcme tutkusunun kusursuzlu\u011fun anahtar\u0131 oldu\u011fu inanc\u0131yla, insiyatif al\u0131yor ve kalitemizi s\u00fcrekli geli\u015ftirmeye \u00e7abal\u0131yoruz. Kendimizi hedeflerimiz do\u011frultusunda hevesle, sonsuz ve azimli bir ivedilik i\u00e7inde, muzaffer bir edayla ilerlemeye adad\u0131k.<\/p>\n<p><strong><u>\u00a0<\/u><\/strong><\/p>\n<p><strong><u>D\u00fcr\u00fcstl\u00fck:<\/u><\/strong>\u00a0 Biz, hastalar\u0131m\u0131zla, tedarik\u00e7ilerimizle, y\u00fcklenicilerimizle ve birbirimizle yapt\u0131\u011f\u0131m\u0131z t\u00fcm i\u015flerde d\u00fcr\u00fcst, a\u00e7\u0131k s\u00f6zl\u00fc ve ahlakl\u0131y\u0131z. Kar\u015f\u0131l\u0131kl\u0131 g\u00fcven in\u015fa etmeye \u00e7al\u0131\u015f\u0131yor ve i\u015fimizi y\u00f6nlendiren yasalara ve y\u00f6netmeliklere yaln\u0131zca yasal y\u00fck\u00fcml\u00fcl\u00fc\u011f\u00fcm\u00fcz oldu\u011fu i\u00e7in de\u011fil, ayn\u0131 zamanda do\u011fru olan\u0131 yapmak i\u00e7in uyuyoruz.<\/p>\n<p><strong><u>\u00a0<\/u><\/strong><\/p>\n<p><strong><u>Yenilik:<\/u><\/strong> S\u00fcrekli olarak hastalar\u0131m\u0131z\u0131n ya\u015fam kalitesini artt\u0131ran \u00e7\u00f6z\u00fcmleri ar\u0131yoruz. Bu \u00e7\u00f6z\u00fcmleri geli\u015ftirirken, \u00e7al\u0131\u015fanlar\u0131m\u0131zda yarat\u0131c\u0131l\u0131\u011f\u0131, stratejik d\u00fc\u015f\u00fcnceyi ve \u0131srarc\u0131l\u0131\u011f\u0131 destekliyoruz. Mevcut s\u00fcre\u00e7leri uyarlaman\u0131n yan\u0131 s\u0131ra ara\u015ft\u0131rma ve geli\u015ftirmeyle s\u00fcrekli ilerlemeye \u00e7al\u0131\u015f\u0131yoruz. Hem ba\u015far\u0131s\u0131zl\u0131klar\u0131m\u0131zdan hem de ba\u015far\u0131lar\u0131m\u0131zdan kendimize dersler \u00e7\u0131kar\u0131yoruz.<\/p>\n<p><strong><u>\u00a0<\/u><\/strong><\/p>\n<p><strong><u>Sorumluluk:<\/u><\/strong> Bireysel ve \u015firket olarak, performans\u0131m\u0131zla ilgili t\u00fcm sorumlulu\u011fu \u00fcstleniyor ve ister ofiste,\u00a0 isterse\u00a0\u00a0 diyaliz salonundaki hizmetimizin sorumlulu\u011funu al\u0131yoruz. Yapt\u0131\u011f\u0131m\u0131z i\u015fte nihai sonu\u00e7la ilgili sorumlulu\u011fu \u00fcstleniyoruz. Performans\u0131m\u0131z\u0131n ,\u00a0 hastalar\u0131m\u0131z\u0131n memnuniyeti , i\u015f arkada\u015flar\u0131m\u0131z\u0131n ve \u015firketimizin ba\u015far\u0131s\u0131 \u00fczerinde do\u011frudan etkisi oldu\u011funun bilincindeyiz.<\/p>\n<p><strong><u>\u00a0<\/u><\/strong><\/p>\n<p><strong><u>Ekip \u00c7al\u0131\u015fmas\u0131: <\/u><\/strong>\u00a0\u0130\u015fbirli\u011fi \u00e7abas\u0131n\u0131n s\u0131n\u0131rs\u0131z olanaklar sa\u011flad\u0131\u011f\u0131na inan\u0131yoruz. Ortak hedeflerimizi ki\u015fisel \u00e7\u0131karlar\u0131m\u0131z\u0131n \u00f6n\u00fcne koyarak kusursuzlu\u011fa ula\u015fmaya \u00e7al\u0131\u015f\u0131yoruz. Birbirimizi motive ve te\u015fvik ediyor, \u00e7e\u015fitli ge\u00e7mi\u015flerden ve disiplinlerden gelen i\u015f arkada\u015flar\u0131 aras\u0131nda anlaml\u0131 i\u015fbirli\u011fini destekliyoruz. Bireysel farkl\u0131l\u0131klara sayg\u0131 duyuyor, \u00e7e\u015fitlili\u011fe de\u011fer veriyor ve bilgilerimizi t\u00fcm \u015firketle payla\u015f\u0131yoruz.<\/p>\n<p><strong><u>\u00a0<\/u><\/strong><\/p>\n<p><strong><u>Bireye Sayg\u0131:<\/u><\/strong>\u00a0 T\u00fcm insanlar\u0131n itibar\u0131na, k\u0131ymetine ve yarat\u0131c\u0131 potansiyeline inan\u0131yoruz. \u0130\u015f-ya\u015fam dengesinin gerekli oldu\u011funa inan\u0131yor, t\u00fcm \u00e7al\u0131\u015fanlar\u0131m\u0131za adil ve tutarl\u0131 davran\u0131yoruz. Ba\u015far\u0131y\u0131\u00a0 \u00f6d\u00fcllendiriyor, \u00e7al\u0131\u015fanlar\u0131n kat\u0131l\u0131m\u0131n\u0131 ve katk\u0131lar\u0131n\u0131 etkin olarak istiyoruz.<\/p>\n<p><strong><u>\u00a0<\/u><\/strong><\/p>\n<p><strong><u>Ba\u011fl\u0131l\u0131k:<\/u><\/strong>\u00a0 Kendimizi \u015firkete ba\u011fl\u0131 hissediyor, ba\u011fl\u0131l\u0131\u011f\u0131m\u0131z\u0131 ve adanm\u0131\u015fl\u0131\u011f\u0131m\u0131z\u0131 m\u00fc\u015fterilerimize ve birbirimize g\u00f6steriyoruz. Akl\u0131m\u0131z\u0131 c\u00f6mert\u00e7e payla\u015f\u0131yor, i\u015f arkada\u015flar\u0131m\u0131za en iyi tavsiyelerimizi ve desteklerimizi sa\u011fl\u0131yoruz. Sorunlar\u0131 a\u00e7\u0131kl\u0131k ve samimiyetle \u00e7\u00f6z\u00fcyoruz.<\/p>\n<p><strong><u>Cesaret: <\/u><\/strong>\u00a0\u00a0Yenili\u011fe de\u011fer veriyor ve t\u00fcm d\u00fczeylerde yenili\u011fi\u00a0 te\u015fvik ediyoruz. De\u011fi\u015fimi savunuyor ve bir yandan esnekli\u011fimizi korurken \u00f6te yandan ba\u015far\u0131n\u0131n \u00f6n\u00fcndeki engelleri kald\u0131rmak i\u00e7in \u00e7al\u0131\u015f\u0131yoruz. Dinamik ortam\u0131m\u0131z s\u0131k s\u0131k h\u0131zl\u0131 yan\u0131t vermeyi veya cesur davranmay\u0131 gerektirse de, inisiyatif almaktan\u00a0 korkmuyoruz.<\/p>\n<p><strong><u>\u00a0<\/u><\/strong><\/p>\n<p><strong><u>\u0130leti\u015fim: <\/u><\/strong>\u00c7e\u015fitli ge\u00e7mi\u015flerden ve \u00e7evrelerden\u00a0 gelen hastalar\u0131m\u0131z, i\u015f arkada\u015flar\u0131m\u0131z aras\u0131nda a\u00e7\u0131k ileti\u015fimi ve anlaml\u0131 i\u015fbirli\u011fini te\u015fvik ediyor ve destekliyoruz. \u0130\u015fimizde s\u00fcrekli \u00f6\u011freniyor ve s\u00fcrece kat\u0131l\u0131yoruz. \u0130\u015f arkada\u015flar\u0131m\u0131z\u0131n birlikte \u00e7al\u0131\u015fma ruhuna g\u00fcvenerek, bilgileri \u00f6zg\u00fcrce payla\u015f\u0131yoruz. Hem \u015firket i\u00e7inde hem de \u015firket d\u0131\u015f\u0131nda, \u00f6zg\u00fcr ve i\u00e7ten fikir al\u0131\u015fveri\u015fine inan\u0131yoruz.<\/p>\n<\/div>\n<\/div><\/div><\/div><\/div><\/div>","protected":false},"excerpt":{"rendered":"<p>M\u0130SYONUMUZ: Biz her insan\u0131n hayat\u0131 boyunca en iyi hizmeti almas\u0131 gerekti\u011fine ve ya\u015fam kalitesinin her zaman en \u00fcst d\u00fczeyde olmas\u0131 gerekti\u011fine inan\u0131r\u0131z. Diyaliz ailesi olarak&hellip;<\/p>\n","protected":false},"author":1,"featured_media":0,"parent":0,"menu_order":0,"comment_status":"closed","ping_status":"closed","template":"","meta":{"footnotes":""},"class_list":["post-817","page","type-page","status-publish","hentry"],"_links":{"self":[{"href":"https:\/\/rnsdiyaliz.com.tr\/web\/wp-json\/wp\/v2\/pages\/817","targetHints":{"allow":["GET"]}}],"collection":[{"href":"https:\/\/rnsdiyaliz.com.tr\/web\/wp-json\/wp\/v2\/pages"}],"about":[{"href":"https:\/\/rnsdiyaliz.com.tr\/web\/wp-json\/wp\/v2\/types\/page"}],"author":[{"embeddable":true,"href":"https:\/\/rnsdiyaliz.com.tr\/web\/wp-json\/wp\/v2\/users\/1"}],"replies":[{"embeddable":true,"href":"https:\/\/rnsdiyaliz.com.tr\/web\/wp-json\/wp\/v2\/comments?post=817"}],"version-history":[{"count":9,"href":"https:\/\/rnsdiyaliz.com.tr\/web\/wp-json\/wp\/v2\/pages\/817\/revisions"}],"predecessor-version":[{"id":1268,"href":"https:\/\/rnsdiyaliz.com.tr\/web\/wp-json\/wp\/v2\/pages\/817\/revisions\/1268"}],"wp:attachment":[{"href":"https:\/\/rnsdiyaliz.com.tr\/web\/wp-json\/wp\/v2\/media?parent=817"}],"curies":[{"name":"wp","href":"https:\/\/api.w.org\/{rel}","templated":true}]}}