{"id":774,"date":"2022-11-13T12:50:22","date_gmt":"2022-11-13T12:50:22","guid":{"rendered":"https:\/\/rnsdiyaliz.com.tr\/web\/?page_id=774"},"modified":"2022-11-14T12:17:35","modified_gmt":"2022-11-14T12:17:35","slug":"kurumsal-amac","status":"publish","type":"page","link":"https:\/\/rnsdiyaliz.com.tr\/web\/kurumsal-amac\/","title":{"rendered":"KURUMSAL AMA\u00c7"},"content":{"rendered":"<div id=\"pl-774\"  class=\"panel-layout\" ><div id=\"pg-774-0\"  class=\"panel-grid panel-no-style\" ><div id=\"pgc-774-0-0\"  class=\"panel-grid-cell panel-grid-cell-empty panel-grid-cell-mobile-last\" ><\/div><div id=\"pgc-774-0-1\"  class=\"panel-grid-cell panel-grid-cell-empty\" ><\/div><\/div><div id=\"pg-774-1\"  class=\"panel-grid panel-no-style\" ><div id=\"pgc-774-1-0\"  class=\"panel-grid-cell\" ><div id=\"panel-774-1-0-0\" class=\"so-panel widget widget_sow-editor panel-first-child panel-last-child\" data-index=\"0\" ><div\n\t\t\t\n\t\t\tclass=\"so-widget-sow-editor so-widget-sow-editor-base\"\n\t\t\t\n\t\t>\n<div class=\"siteorigin-widget-tinymce textwidget\">\n\t<p>R.N.S. D\u0130YAL\u0130Z SA\u011eLIK H\u0130ZMETLER\u0130 T\u0130CARET A.\u015e. AMACI;<br \/>\nBireylerin Diyaliz hizmetleri ile ilgili gereksinimlerini kar\u015f\u0131lamak ve daha kaliteli bir ya\u015fam s\u00fcrebilmelerini sa\u011flamakt\u0131r.<br \/>\nBu ama\u00e7 do\u011frultusunda, diyaliz hizmetleri, merkezimizin her noktas\u0131nda, belli standartlarda sunmay\u0131 hedeflemektedir.<\/p>\n<\/div>\n<\/div><\/div><\/div><\/div><div id=\"pg-774-2\"  class=\"panel-grid panel-no-style\" ><div id=\"pgc-774-2-0\"  class=\"panel-grid-cell panel-grid-cell-empty panel-grid-cell-mobile-last\" ><\/div><div id=\"pgc-774-2-1\"  class=\"panel-grid-cell panel-grid-cell-empty\" ><\/div><\/div><\/div>","protected":false},"excerpt":{"rendered":"<p>R.N.S. D\u0130YAL\u0130Z SA\u011eLIK H\u0130ZMETLER\u0130 T\u0130CARET A.\u015e. AMACI; Bireylerin Diyaliz hizmetleri ile ilgili gereksinimlerini kar\u015f\u0131lamak ve daha kaliteli bir ya\u015fam s\u00fcrebilmelerini sa\u011flamakt\u0131r. Bu ama\u00e7 do\u011frultusunda, diyaliz&hellip;<\/p>\n","protected":false},"author":1,"featured_media":0,"parent":0,"menu_order":0,"comment_status":"closed","ping_status":"closed","template":"","meta":{"footnotes":""},"class_list":["post-774","page","type-page","status-publish","hentry"],"_links":{"self":[{"href":"https:\/\/rnsdiyaliz.com.tr\/web\/wp-json\/wp\/v2\/pages\/774","targetHints":{"allow":["GET"]}}],"collection":[{"href":"https:\/\/rnsdiyaliz.com.tr\/web\/wp-json\/wp\/v2\/pages"}],"about":[{"href":"https:\/\/rnsdiyaliz.com.tr\/web\/wp-json\/wp\/v2\/types\/page"}],"author":[{"embeddable":true,"href":"https:\/\/rnsdiyaliz.com.tr\/web\/wp-json\/wp\/v2\/users\/1"}],"replies":[{"embeddable":true,"href":"https:\/\/rnsdiyaliz.com.tr\/web\/wp-json\/wp\/v2\/comments?post=774"}],"version-history":[{"count":8,"href":"https:\/\/rnsdiyaliz.com.tr\/web\/wp-json\/wp\/v2\/pages\/774\/revisions"}],"predecessor-version":[{"id":1267,"href":"https:\/\/rnsdiyaliz.com.tr\/web\/wp-json\/wp\/v2\/pages\/774\/revisions\/1267"}],"wp:attachment":[{"href":"https:\/\/rnsdiyaliz.com.tr\/web\/wp-json\/wp\/v2\/media?parent=774"}],"curies":[{"name":"wp","href":"https:\/\/api.w.org\/{rel}","templated":true}]}}