{"id":1408,"date":"2022-11-30T12:20:32","date_gmt":"2022-11-30T12:20:32","guid":{"rendered":"https:\/\/rnsdiyaliz.com.tr\/web\/?page_id=1408"},"modified":"2022-12-01T04:53:32","modified_gmt":"2022-12-01T04:53:32","slug":"gorus-ve-oneri-olustur","status":"publish","type":"page","link":"https:\/\/rnsdiyaliz.com.tr\/web\/gorus-ve-oneri-olustur\/","title":{"rendered":"G\u00f6r\u00fc\u015f ve \u00d6neri Olu\u015ftur"},"content":{"rendered":"<div id=\"pl-1408\"  class=\"panel-layout\" ><div id=\"pg-1408-0\"  class=\"panel-grid panel-no-style\" ><div id=\"pgc-1408-0-0\"  class=\"panel-grid-cell panel-grid-cell-empty\" ><\/div><\/div><div id=\"pg-1408-1\"  class=\"panel-grid panel-no-style\" ><div id=\"pgc-1408-1-0\"  class=\"panel-grid-cell\" ><div id=\"panel-1408-1-0-0\" class=\"so-panel widget widget_sow-headline panel-first-child\" data-index=\"0\" ><div\n\t\t\t\n\t\t\tclass=\"so-widget-sow-headline so-widget-sow-headline-default-e9a7e6b53309-1408 so-widget-fittext-wrapper\"\n\t\t\t data-fit-text-compressor=\"0.85\"\n\t\t><div class=\"sow-headline-container \">\n\t<h1 class='sow-headline'>G\u00f6r\u00fc\u015f ve \u00d6neri Olu\u015ftur<\/h1><\/div><\/div><\/div><div id=\"panel-1408-1-0-1\" class=\"so-panel widget widget_text panel-last-child\" data-index=\"1\" >\t\t\t<div class=\"textwidget\"><div role=\"form\" class=\"wpcf7\" id=\"wpcf7-f1380-o1\" lang=\"tr-TR\" dir=\"ltr\">\n<div class=\"screen-reader-response\"><p role=\"status\" aria-live=\"polite\" aria-atomic=\"true\"><\/p> <ul><\/ul><\/div>\n<form action=\"\/web\/wp-json\/wp\/v2\/pages\/1408#wpcf7-f1380-o1\" method=\"post\" class=\"wpcf7-form init\" novalidate=\"novalidate\" data-status=\"init\">\n<div style=\"display: none;\">\n<input type=\"hidden\" name=\"_wpcf7\" value=\"1380\" \/>\n<input type=\"hidden\" name=\"_wpcf7_version\" value=\"5.6.4\" \/>\n<input type=\"hidden\" name=\"_wpcf7_locale\" value=\"tr_TR\" \/>\n<input type=\"hidden\" name=\"_wpcf7_unit_tag\" value=\"wpcf7-f1380-o1\" \/>\n<input type=\"hidden\" name=\"_wpcf7_container_post\" value=\"0\" \/>\n<input type=\"hidden\" name=\"_wpcf7_posted_data_hash\" value=\"\" \/>\n<\/div>\n<p><label> Ad\u0131n\u0131z<br \/>\n    <span class=\"wpcf7-form-control-wrap\" data-name=\"your-name\"><input type=\"text\" name=\"your-name\" value=\"\" size=\"40\" class=\"wpcf7-form-control wpcf7-text wpcf7-validates-as-required\" aria-required=\"true\" aria-invalid=\"false\" \/><\/span> <\/label><\/p>\n<p><label> E-posta adresiniz<br \/>\n    <span class=\"wpcf7-form-control-wrap\" data-name=\"your-email\"><input type=\"email\" name=\"your-email\" value=\"\" size=\"40\" class=\"wpcf7-form-control wpcf7-text wpcf7-email wpcf7-validates-as-required wpcf7-validates-as-email\" aria-required=\"true\" aria-invalid=\"false\" \/><\/span> <\/label><\/p>\n<p><label> Merkez Se\u00e7iniz<\/label><br \/>\n<label><span class=\"wpcf7-form-control-wrap\" data-name=\"menu_mrkz\"><select name=\"menu_mrkz\" class=\"wpcf7-form-control wpcf7-select wpcf7-validates-as-required\" aria-required=\"true\" aria-invalid=\"false\"><option value=\"L\u00dcTFEN MERKEZ SE\u00c7\u0130N\u0130Z\">L\u00dcTFEN MERKEZ SE\u00c7\u0130N\u0130Z<\/option><option value=\"\u00d6ZEL R.N.S. TRABZON D\u0130YAL\u0130Z MERKEZ\u0130\">\u00d6ZEL R.N.S. TRABZON D\u0130YAL\u0130Z MERKEZ\u0130<\/option><option value=\"\u00d6ZEL YAVUZ SEL\u0130M D\u0130YAL\u0130Z MERKEZ\u0130\">\u00d6ZEL YAVUZ SEL\u0130M D\u0130YAL\u0130Z MERKEZ\u0130<\/option><\/select><\/span><\/label><\/p>\n<p><label> Konu<br \/>\n    <span class=\"wpcf7-form-control-wrap\" data-name=\"your-subject\"><input type=\"text\" name=\"your-subject\" value=\"\" size=\"40\" class=\"wpcf7-form-control wpcf7-text wpcf7-validates-as-required\" aria-required=\"true\" aria-invalid=\"false\" \/><\/span> <\/label><\/p>\n<p><label> \u0130letiniz (tercihe ba\u011fl\u0131)<br \/>\n    <span class=\"wpcf7-form-control-wrap\" data-name=\"your-message\"><textarea name=\"your-message\" cols=\"40\" rows=\"10\" class=\"wpcf7-form-control wpcf7-textarea\" aria-invalid=\"false\"><\/textarea><\/span> <\/label><\/p>\n<p><input type=\"submit\" value=\"G\u00f6nder\" class=\"wpcf7-form-control has-spinner wpcf7-submit\" \/><\/p>\n<div class=\"wpcf7-response-output\" aria-hidden=\"true\"><\/div><\/form><\/div>\n<\/div>\n\t\t<\/div><\/div><\/div><\/div>","protected":false},"excerpt":{"rendered":"<p>G\u00f6r\u00fc\u015f ve \u00d6neri Olu\u015ftur Ad\u0131n\u0131z E-posta adresiniz Merkez Se\u00e7iniz L\u00dcTFEN MERKEZ SE\u00c7\u0130N\u0130Z\u00d6ZEL R.N.S. TRABZON D\u0130YAL\u0130Z MERKEZ\u0130\u00d6ZEL YAVUZ SEL\u0130M D\u0130YAL\u0130Z MERKEZ\u0130 Konu \u0130letiniz (tercihe ba\u011fl\u0131)<\/p>\n","protected":false},"author":1,"featured_media":0,"parent":0,"menu_order":0,"comment_status":"closed","ping_status":"closed","template":"","meta":{"footnotes":""},"class_list":["post-1408","page","type-page","status-publish","hentry"],"_links":{"self":[{"href":"https:\/\/rnsdiyaliz.com.tr\/web\/wp-json\/wp\/v2\/pages\/1408","targetHints":{"allow":["GET"]}}],"collection":[{"href":"https:\/\/rnsdiyaliz.com.tr\/web\/wp-json\/wp\/v2\/pages"}],"about":[{"href":"https:\/\/rnsdiyaliz.com.tr\/web\/wp-json\/wp\/v2\/types\/page"}],"author":[{"embeddable":true,"href":"https:\/\/rnsdiyaliz.com.tr\/web\/wp-json\/wp\/v2\/users\/1"}],"replies":[{"embeddable":true,"href":"https:\/\/rnsdiyaliz.com.tr\/web\/wp-json\/wp\/v2\/comments?post=1408"}],"version-history":[{"count":4,"href":"https:\/\/rnsdiyaliz.com.tr\/web\/wp-json\/wp\/v2\/pages\/1408\/revisions"}],"predecessor-version":[{"id":1412,"href":"https:\/\/rnsdiyaliz.com.tr\/web\/wp-json\/wp\/v2\/pages\/1408\/revisions\/1412"}],"wp:attachment":[{"href":"https:\/\/rnsdiyaliz.com.tr\/web\/wp-json\/wp\/v2\/media?parent=1408"}],"curies":[{"name":"wp","href":"https:\/\/api.w.org\/{rel}","templated":true}]}}