{"id":1060,"date":"2022-11-13T21:31:18","date_gmt":"2022-11-13T21:31:18","guid":{"rendered":"https:\/\/rnsdiyaliz.com.tr\/web\/?page_id=1060"},"modified":"2022-12-13T09:07:30","modified_gmt":"2022-12-13T09:07:30","slug":"1060-2","status":"publish","type":"page","link":"https:\/\/rnsdiyaliz.com.tr\/web\/1060-2\/","title":{"rendered":"KAL\u0130TE Y\u00d6NET\u0130M B\u0130R\u0130M\u0130 VE \u00c7ALI\u015eMALARI"},"content":{"rendered":"<div id=\"pl-1060\"  class=\"panel-layout\" ><div id=\"pg-1060-0\"  class=\"panel-grid panel-no-style\" ><div id=\"pgc-1060-0-0\"  class=\"panel-grid-cell panel-grid-cell-empty panel-grid-cell-mobile-last\" ><\/div><div id=\"pgc-1060-0-1\"  class=\"panel-grid-cell panel-grid-cell-empty\" ><\/div><\/div><div id=\"pg-1060-1\"  class=\"panel-grid panel-no-style\" ><div id=\"pgc-1060-1-0\"  class=\"panel-grid-cell\" ><div class=\"panel-cell-style panel-cell-style-for-1060-1-0\" ><div id=\"panel-1060-1-0-0\" class=\"so-panel widget widget_lsow-heading panel-first-child panel-last-child\" data-index=\"0\" ><div\n\t\t\t\n\t\t\tclass=\"so-widget-lsow-heading so-widget-lsow-heading-default-c5296dd96cc2-1060\"\n\t\t\t\n\t\t><div class=\"lsow-heading lsow-style3 lsow-alignright  lsow-animate-on-scroll lsow-visible-on-scroll\"  data-animation=\"fadeIn\"><h3 class=\"lsow-title\">KAL\u0130TE D\u0130REKT\u00d6R\u00dc<\/h3><\/div><!-- .lsow-heading --><\/div><\/div><\/div><\/div><div id=\"pgc-1060-1-1\"  class=\"panel-grid-cell panel-grid-cell-empty\" ><\/div><div id=\"pgc-1060-1-2\"  class=\"panel-grid-cell\" ><div id=\"panel-1060-1-2-0\" class=\"so-panel widget widget_lsow-heading panel-first-child panel-last-child\" data-index=\"1\" ><div\n\t\t\t\n\t\t\tclass=\"so-widget-lsow-heading so-widget-lsow-heading-default-c5296dd96cc2-1060\"\n\t\t\t\n\t\t><div class=\"lsow-heading lsow-style3 lsow-aligncenter  lsow-animate-on-scroll lsow-visible-on-scroll\"  data-animation=\"fadeIn\"><h3 class=\"lsow-title\">\u00d6ZEL RNS TRABZON D\u0130YAL\u0130Z MERKEZ\u0130 KAL\u0130TE B\u0130R\u0130M PERSONEL\u0130<\/h3><\/div><!-- .lsow-heading --><\/div><\/div><\/div><\/div><div id=\"pg-1060-2\"  class=\"panel-grid panel-no-style\" ><div id=\"pgc-1060-2-0\"  class=\"panel-grid-cell\" ><div class=\"panel-cell-style panel-cell-style-for-1060-2-0\" ><div id=\"panel-1060-2-0-0\" class=\"so-panel widget widget_sow-image panel-first-child panel-last-child\" data-index=\"2\" ><div\n\t\t\t\n\t\t\tclass=\"so-widget-sow-image so-widget-sow-image-default-6b88c04c1f9b-1060\"\n\t\t\t\n\t\t>\n\n<div class=\"sow-image-container\">\n\t\t<img decoding=\"async\" src=\"https:\/\/rnsdiyaliz.com.tr\/web\/wp-content\/uploads\/2022\/11\/serpil.jpg\" width=\"680\" height=\"564\" srcset=\"https:\/\/rnsdiyaliz.com.tr\/web\/wp-content\/uploads\/2022\/11\/serpil.jpg 680w, https:\/\/rnsdiyaliz.com.tr\/web\/wp-content\/uploads\/2022\/11\/serpil-300x249.jpg 300w\" sizes=\"auto, (max-width: 680px) 100vw, 680px\" title=\"SERP\u0130L KARAB\u0130NA\" alt=\"\" loading=\"lazy\" \t\tclass=\"so-widget-image\"\/>\n\t<\/div>\n\n<h3 class=\"widget-title\">SERP\u0130L KARAB\u0130NA<\/h3><\/div><\/div><\/div><\/div><div id=\"pgc-1060-2-1\"  class=\"panel-grid-cell panel-grid-cell-empty\" ><\/div><div id=\"pgc-1060-2-2\"  class=\"panel-grid-cell\" ><div id=\"panel-1060-2-2-0\" class=\"so-panel widget widget_text panel-first-child panel-last-child\" data-index=\"3\" >\t\t\t<div class=\"textwidget\"><table width=\"640\">\n<tbody>\n<tr>\n<td width=\"205\"><strong>ADI SOYADI<\/strong><\/td>\n<td width=\"171\"><strong>G\u00d6REV\u0130<\/strong><\/td>\n<td width=\"265\"><strong>SORUMLULU\u011eU<\/strong><\/td>\n<\/tr>\n<tr>\n<td width=\"205\">SERP\u0130L KARAB\u0130NA<\/td>\n<td width=\"171\">BA\u015eHEM\u015e\u0130RE<\/td>\n<td width=\"265\">KAL\u0130TE Y\u00d6NET\u0130M D\u0130REKT\u00d6R\u00dc<\/td>\n<\/tr>\n<tr>\n<td width=\"205\">DR.SABR\u0130 HACIAHMETO\u011eLU<\/td>\n<td width=\"171\">DOKTOR<\/td>\n<td width=\"265\">KAL\u0130TE Y\u00d6NET\u0130M B\u0130R\u0130M\u0130 \u00dcYES\u0130<\/td>\n<\/tr>\n<tr>\n<td width=\"205\">\u00dcM\u0130T HAT\u0130PO\u011eLU<\/td>\n<td width=\"171\">TEKN\u0130SYEN<\/td>\n<td width=\"265\">KAL\u0130TE Y\u00d6NET\u0130M B\u0130R\u0130M\u0130 \u00dcYES\u0130<\/td>\n<\/tr>\n<\/tbody>\n<\/table>\n<p>2022 E\u011fitim Plan\u0131n\u0131 G\u00f6rmek \u0130\u00e7in <a href=\"https:\/\/drive.google.com\/file\/d\/1SmXN4ltud_ibOGDutma4Ht-S7vrxjfq8\/view?usp=share_link\">T\u0131klay\u0131n\u0131z<\/a><\/p>\n<p>2022 \u00d6z De\u011ferlendirme Plan\u0131 G\u00f6rmek \u0130\u00e7in <a href=\"https:\/\/drive.google.com\/file\/d\/1Rd_IqERTG-uWCd7Kww7HyYia5O6-nH7H\/view?usp=share_link\">T\u0131klay\u0131n\u0131z\u00a0<\/a><\/p>\n<\/div>\n\t\t<\/div><\/div><\/div><\/div>","protected":false},"excerpt":{"rendered":"<p>KAL\u0130TE D\u0130REKT\u00d6R\u00dc\u00d6ZEL RNS TRABZON D\u0130YAL\u0130Z MERKEZ\u0130 KAL\u0130TE B\u0130R\u0130M PERSONEL\u0130 SERP\u0130L KARAB\u0130NA ADI SOYADI G\u00d6REV\u0130 SORUMLULU\u011eU SERP\u0130L KARAB\u0130NA BA\u015eHEM\u015e\u0130RE KAL\u0130TE Y\u00d6NET\u0130M D\u0130REKT\u00d6R\u00dc DR.SABR\u0130 HACIAHMETO\u011eLU DOKTOR KAL\u0130TE&hellip;<\/p>\n","protected":false},"author":1,"featured_media":0,"parent":0,"menu_order":0,"comment_status":"closed","ping_status":"closed","template":"","meta":{"footnotes":""},"class_list":["post-1060","page","type-page","status-publish","hentry"],"_links":{"self":[{"href":"https:\/\/rnsdiyaliz.com.tr\/web\/wp-json\/wp\/v2\/pages\/1060","targetHints":{"allow":["GET"]}}],"collection":[{"href":"https:\/\/rnsdiyaliz.com.tr\/web\/wp-json\/wp\/v2\/pages"}],"about":[{"href":"https:\/\/rnsdiyaliz.com.tr\/web\/wp-json\/wp\/v2\/types\/page"}],"author":[{"embeddable":true,"href":"https:\/\/rnsdiyaliz.com.tr\/web\/wp-json\/wp\/v2\/users\/1"}],"replies":[{"embeddable":true,"href":"https:\/\/rnsdiyaliz.com.tr\/web\/wp-json\/wp\/v2\/comments?post=1060"}],"version-history":[{"count":23,"href":"https:\/\/rnsdiyaliz.com.tr\/web\/wp-json\/wp\/v2\/pages\/1060\/revisions"}],"predecessor-version":[{"id":1424,"href":"https:\/\/rnsdiyaliz.com.tr\/web\/wp-json\/wp\/v2\/pages\/1060\/revisions\/1424"}],"wp:attachment":[{"href":"https:\/\/rnsdiyaliz.com.tr\/web\/wp-json\/wp\/v2\/media?parent=1060"}],"curies":[{"name":"wp","href":"https:\/\/api.w.org\/{rel}","templated":true}]}}